{"id":10904,"date":"2018-10-11T11:40:29","date_gmt":"2018-10-11T09:40:29","guid":{"rendered":"https:\/\/www.kek.hr\/product\/degustacija-slobode\/"},"modified":"2021-04-16T15:39:12","modified_gmt":"2021-04-16T13:39:12","slug":"degustacija-slobode","status":"publish","type":"product","link":"https:\/\/www.kek.hr\/en\/product\/degustacija-slobode\/","title":{"rendered":"Davor Rostuhar &#8211; Degustacija slobode"},"content":{"rendered":"<h4>FROM THE BOOK<\/h4>\n<p><em>Za\u0161to je sloboda tako blisko vezana uz putovanje? Zato \u0161to se na putu osloba\u0111amo svih onih utega svakodnevnice. U na\u0161oj svakodnevnici zapravo se pona\u0161amo po brojnim obrascima, kalupima. Rutina nas odre\u0111uje. Iz dana u dan u\u010dvr\u0161\u0107ujemo kalupe i gradimo identitet. Kad jednom odemo na put, kad se izmjestimo, svi ti kalupi ostaju iza nas. Doma mo\u017eemo biti predsjednik dr\u017eave ili rock zvijezda, ali kad se na\u0111emo u nekom selu u Africi gdje nas nitko ne zna, mo\u017eemo se samo zapitati tko smo zaista. Na\u0161 dan u svakodnevnici \u010desto odre\u0111uje niz nu\u017enosti, a na\u0161e svakodnevne odluke nisu samo na\u0161e. Na putu, pak, svako jutro donosi novi start i novi paket mogu\u0107nosti, a mi svakim korakom i svakom odlukom kreiramo svoju sudbinu.<\/em><\/p>\n<p>Check out\u00a0<a href=\"\/?product_cat=books\">other books<\/a>\u00a0by\u00a0<a href=\"http:\/\/www.davorrostuhar.com\">Davor Rostuhar<\/a>.<\/p>\n<h4>Info<\/h4>\n<p><strong>Croatian edition<\/strong><br \/>\n208 pages<br \/>\nSoft binding<br \/>\nDimensions: 21&#215;14 cm<\/p>\n","protected":false},"excerpt":{"rendered":"<h2>Degustacija slobode<br \/>\nauthor: Davor Rostuhar<\/h2>\n<p><strong>Croatian edition<\/strong><\/p>\n<p>In an era when tourism has become one of the biggest industries in the world, and when each year more than a billion people journey beyond the borders of their native countries, Davor Rostuhar searches for answers to several important questions: Why do we like to travel so much? How do our journeys change us? What impact, both positive and negative, does traveling have on our vulnerable planet?<\/p>\n<p>The answers, the author finds, lie at the intersection of history, science, and lessons learned during a decade of globe-trotting. This book is in the realm of popular science as it is permeated by the perspectives on the phenomenon of travel offered by sociologists, anthropologists, psychologists, and other scholars. &#8216;The Journey&#8217;s Magic&#8217; is so deeply intimate and inspiring that a strong desire to set out to the Journey will overcome the reader. Nevertheless, the reader will stay in the comfort of their home and continue reading, realizing that the book itself &#8211; as the author says &#8211; is a big and unrepeatable journey. It is an adventure that will tell you how to travel more reasonably, more responsibly, and more sustainably. It will teach you to believe in miracles and the magic of the Journey, as well as how to join a quiet revolution of those who already travel in order to make the world a better place.<\/p>\n","protected":false},"featured_media":4725,"template":"","meta":{"_acf_changed":false,"_links_to":"","_links_to_target":""},"product_brand":[],"product_cat":[571],"product_tag":[811,805,589],"class_list":{"0":"post-10904","1":"product","2":"type-product","3":"status-publish","4":"has-post-thumbnail","6":"product_cat-davor-rostuhar-books","7":"product_tag-putopisno-stivo-en","8":"product_tag-knjige-rostuhar-en","9":"product_tag-degustacija-slobode-en","11":"first","12":"instock","13":"taxable","14":"shipping-taxable","15":"purchasable","16":"product-type-simple"},"bundled_by":[],"bundle_stock_status":"instock","bundle_stock_quantity":null,"bundle_virtual":false,"bundle_layout":"","bundle_add_to_cart_form_location":"","bundle_editable_in_cart":false,"bundle_sold_individually_context":"","bundle_item_grouping":"","bundle_min_size":"","bundle_max_size":"","bundle_price":[],"bundled_items":[],"bundle_sell_ids":[],"acf":[],"_links":{"self":[{"href":"https:\/\/www.kek.hr\/en\/wp-json\/wp\/v2\/product\/10904","targetHints":{"allow":["GET"]}}],"collection":[{"href":"https:\/\/www.kek.hr\/en\/wp-json\/wp\/v2\/product"}],"about":[{"href":"https:\/\/www.kek.hr\/en\/wp-json\/wp\/v2\/types\/product"}],"wp:featuredmedia":[{"embeddable":true,"href":"https:\/\/www.kek.hr\/en\/wp-json\/wp\/v2\/media\/4725"}],"wp:attachment":[{"href":"https:\/\/www.kek.hr\/en\/wp-json\/wp\/v2\/media?parent=10904"}],"wp:term":[{"taxonomy":"product_brand","embeddable":true,"href":"https:\/\/www.kek.hr\/en\/wp-json\/wp\/v2\/product_brand?post=10904"},{"taxonomy":"product_cat","embeddable":true,"href":"https:\/\/www.kek.hr\/en\/wp-json\/wp\/v2\/product_cat?post=10904"},{"taxonomy":"product_tag","embeddable":true,"href":"https:\/\/www.kek.hr\/en\/wp-json\/wp\/v2\/product_tag?post=10904"}],"curies":[{"name":"wp","href":"https:\/\/api.w.org\/{rel}","templated":true}]}}