{"id":15329,"date":"2022-02-03T15:42:08","date_gmt":"2022-02-03T14:42:08","guid":{"rendered":"https:\/\/www.kek.hr\/product\/ljubav-oko-svijeta-bundle\/"},"modified":"2022-10-24T14:26:48","modified_gmt":"2022-10-24T12:26:48","slug":"ljubav-oko-svijeta-bundle","status":"publish","type":"product","link":"https:\/\/www.kek.hr\/en\/product\/ljubav-oko-svijeta-bundle\/","title":{"rendered":"Ljubav oko svijeta &#8211; BUNDLE: BOOK &#038; DVD"},"content":{"rendered":"<h1>BOOK<\/h1>\n<p><strong>Croatian edition<\/strong><br \/>\n400 pages<br \/>\n173 photographs<br \/>\nHardcover<br \/>\nDimensions: 24\u00d717 cm<\/p>\n<p>This book will take you on an inspirational journey \u2013 from different scientific notions of love through intriguing personal stories, offering an unique view on the evolution, the origin and the development of the concept of love throughout history, taking in account its different forms as well as its\u2019 social and personal significance. An intimate essay, a travel diary and an ethnographic study \u2013 all in one, this book presents an inspirational exploration that takes readers on a passionate journey through different aspects of the meanings that love has in todays\u2019 world.<\/p>\n<p><a class=\"button button-primary\" href=\"https:\/\/lovearoundtheworldproject.com\/book\/\" target=\"_blank\" rel=\"noopener noreferrer\">MORE ABOUT THE BOOK<\/a><\/p>\n<h1>FILM<\/h1>\n<p><strong>FORMAT: <\/strong>DVD<br \/>\n<strong>RUNTIME: <\/strong>75&#8242;<br \/>\n<strong>SUBTITLES: <\/strong>Croatian, English<\/p>\n<p>From deep within the Amazonian forests and remote villages in the Himalayas to the world\u2019s largest metropolises, this stunning documentary shows us 33 different stories about love and marriage, challenges and struggles, highs and lows, creating one big love story that reminds us how love can never be simple, but at the same time how just a few things on Earth are as simple as love.<\/p>\n<p>The film is a collage of subjective impressions of 40 different couples from different geographical locations, economical and political contexts. It follows all the stages of their relationships \u2013 from the moment they met or had their first date, through their decision to get married or move in together and their subsequent fights and challenges, all the way to the present moment and their plans for the future.<\/p>\n<h4>FILM TEAM<\/h4>\n<p><strong>WRITERS AND DIRECTORS:<\/strong> An\u0111ela Rostuhar, Davor Rostuhar<br \/>\n<strong>CAMERA &#8211; CINEMATOGRAPHER:<\/strong> Davor Rostuhar<br \/>\n<strong>EDITOR:<\/strong> Ivan \u017divalj<br \/>\n<strong>ASSISTANT EDITOR:<\/strong> Marin Neki\u0107<br \/>\n<strong>MUSIC:<\/strong> Nenad Kova\u010di\u0107 (Skladatelj), Teresa Campos (Vokali), Darragh Quinn (Violina), Nils Peschanski (Sintesajzeri)<br \/>\n<strong>MUSIC MIX:<\/strong> Nenad Kova\u010di\u0107, Raphael Hardy<br \/>\n<strong>GRAPHIC ARTIST:<\/strong> Salem Kapi\u0107 Kantard\u017ei\u0107<br \/>\n<strong>SOUND MIX:<\/strong> Frano Homen<br \/>\n<strong>COLOUR GRADING:<\/strong> Salem Kapi\u0107 Kantard\u017ei\u0107<br \/>\n<strong>PERSONAL ERCHIVES SHOT:<\/strong> Domagoj Bla\u017eevi\u0107<br \/>\n<strong>TRANSLATORS AND INTERPRETERS:<\/strong> Zrinka Radi\u0107, Abdelrahim Abuwarda, Amir Kaboli, Baktygul Chockconova, Enrico Michelotto, Anoushka Sharma, Mehak Saini, Pawan Ranta, Ramdayal Yadav, Sadama Rada, Reiko Naka, Carlos Cordero, Mezei Dragos Andrei, Barbara Kiere, Goran Mihajlovi\u0107, Baritsica Matis, Enrico Callado, Aline Scaglione Dantas, Peter Marampei Nkurrunah, John Paul Kiwanuka, Kennedy Gomma, Eric Baringo Lemungesi, Chouaib, Djimrangar Tousde, Bubba, Robert Kaunatjike, Vanja Zenzerovi\u0107, Marija \u0160imag, Petra Petra\u010d, Dunja Bahtijarevi\u0107, Dinko Kreho. Eric Bergman<br \/>\n<strong>SCRIPT CONSULTANT:<\/strong> Jasna \u017dmak<br \/>\n<strong>CREATIVE CONSULTANT:<\/strong> Anna Rohde-Seyfried<br \/>\n<strong>PRODUCTION ASSISTANTS:<\/strong> Julia Goering, Carla Brummer, Valerija Povalec, Paula Bre\u010dak<br \/>\n<strong>LINE PRODUCER AUTENTIC:<\/strong> Jan Bullerdieck<br \/>\n<strong>COMISSIONING EDITOR BR:<\/strong> Matthias Leybrand, Carlos Gerstenhauer<br \/>\n<strong>COMISSIONING EDITOR ARTE:<\/strong> Katja Ferwagner<br \/>\n<strong>PRODUCERS AUTENTIC:<\/strong> Patrick H\u00f6rl, Andreas Martin<br \/>\n<strong>PRODUCERS DRUGI PLAN:<\/strong> Neboj\u0161a Taraba, Miodrag Sila<br \/>\n<strong>PRODUCERS KEK:<\/strong> An\u0111ela Rostuhar, Davor Rostuhar<br \/>\n<strong>PRODUCED BY:<\/strong> Autentic Production, Drugi Plan, KEK<br \/>\n<strong>IN COLLABORATION WITH:<\/strong> BR, ARTE<\/p>\n<p><a class=\"button button-primary\" href=\"https:\/\/lovearoundtheworldproject.com\/film\/\" target=\"_blank\" rel=\"noopener noreferrer\">MORE ABOUT THE FILM<\/a><\/p>\n","protected":false},"excerpt":{"rendered":"<p><strong>Croatian edition<\/strong><\/p>\n<h2>Gift your loved one or yourself this special love bundle on a special price of 200kn!<\/h2>\n<p><strong>Film \u2018Love Around the World\u2019 is finally available on DVD and this Valentine&#8217;s Day you get to co<\/strong><strong>mbine it with a book that&#8217;s been on bestseller charts since it came out!<\/strong><\/p>\n<hr \/>\n<p>Have you ever wondered why we fall in love? What is the background of the human ability and need for love? Is love something stronger than cultural norms or something entirely shaped by society?<\/p>\n<p>After An\u0111ela and Davor married, they set out on a remarkable honeymoon\u2014traveling for a year around the world while exploring love in a vast array of cultures. Their journey took them across six continents and 30 countries, from Bushmen in the African savanna to urban couples in the world\u2019s biggest metropolises, from traditional polygamous harems to modern polyamorous communities, from hunter-gatherers deep in the Amazon rainforest to indigenous tribes on the idyllic shores of the Pacific, from those who have never found love to those who have, in love, found everything. They spoke with renowned scholars and, faced with daunting challenges, also analyzed their own relationship, all to discover the true nature of love and whether it is universal.<\/p>\n","protected":false},"featured_media":18365,"template":"","meta":{"_acf_changed":false,"_links_to":"","_links_to_target":""},"product_brand":[],"product_cat":[571],"product_tag":[],"class_list":{"0":"post-15329","1":"product","2":"type-product","3":"status-publish","4":"has-post-thumbnail","6":"product_cat-davor-rostuhar-books","8":"first","9":"instock","10":"sale","11":"virtual","12":"taxable","13":"purchasable","14":"product-type-bundle"},"bundled_by":[],"bundle_stock_status":"instock","bundle_stock_quantity":"","bundle_virtual":false,"bundle_layout":"tabular","bundle_add_to_cart_form_location":"default","bundle_editable_in_cart":false,"bundle_sold_individually_context":"product","bundle_item_grouping":"parent","bundle_min_size":"","bundle_max_size":"","bundle_price":{"price":{"min":{"incl_tax":"34.9","excl_tax":"32.02"},"max":{"incl_tax":"34.9","excl_tax":"32.02"}},"regular_price":{"min":{"incl_tax":"38.8","excl_tax":"35.14"},"max":{"incl_tax":"38.8","excl_tax":"35.14"}}},"bundled_items":[{"bundled_item_id":9,"product_id":10890,"menu_order":0,"quantity_min":1,"quantity_max":1,"quantity_default":1,"priced_individually":true,"shipped_individually":false,"override_title":false,"title":"Davor Rostuhar &#8211; Ljubav oko svijeta","override_description":true,"description":"","optional":false,"hide_thumbnail":false,"discount":"","override_variations":false,"allowed_variations":[""],"override_default_variation_attributes":false,"default_variation_attributes":[],"single_product_visibility":"hidden","cart_visibility":"visible","order_visibility":"visible","single_product_price_visibility":"visible","cart_price_visibility":"visible","order_price_visibility":"visible","stock_status":"in_stock"},{"bundled_item_id":13,"product_id":15330,"menu_order":1,"quantity_min":1,"quantity_max":1,"quantity_default":1,"priced_individually":true,"shipped_individually":false,"override_title":false,"title":"Love Around the World &#8211; DVD","override_description":true,"description":"","optional":false,"hide_thumbnail":false,"discount":"32.77","override_variations":false,"allowed_variations":[""],"override_default_variation_attributes":false,"default_variation_attributes":[],"single_product_visibility":"hidden","cart_visibility":"visible","order_visibility":"visible","single_product_price_visibility":"visible","cart_price_visibility":"visible","order_price_visibility":"visible","stock_status":"in_stock"}],"bundle_sell_ids":[],"acf":[],"_links":{"self":[{"href":"https:\/\/www.kek.hr\/en\/wp-json\/wp\/v2\/product\/15329","targetHints":{"allow":["GET"]}}],"collection":[{"href":"https:\/\/www.kek.hr\/en\/wp-json\/wp\/v2\/product"}],"about":[{"href":"https:\/\/www.kek.hr\/en\/wp-json\/wp\/v2\/types\/product"}],"wp:featuredmedia":[{"embeddable":true,"href":"https:\/\/www.kek.hr\/en\/wp-json\/wp\/v2\/media\/18365"}],"wp:attachment":[{"href":"https:\/\/www.kek.hr\/en\/wp-json\/wp\/v2\/media?parent=15329"}],"wp:term":[{"taxonomy":"product_brand","embeddable":true,"href":"https:\/\/www.kek.hr\/en\/wp-json\/wp\/v2\/product_brand?post=15329"},{"taxonomy":"product_cat","embeddable":true,"href":"https:\/\/www.kek.hr\/en\/wp-json\/wp\/v2\/product_cat?post=15329"},{"taxonomy":"product_tag","embeddable":true,"href":"https:\/\/www.kek.hr\/en\/wp-json\/wp\/v2\/product_tag?post=15329"}],"curies":[{"name":"wp","href":"https:\/\/api.w.org\/{rel}","templated":true}]}}