{"id":15330,"date":"2022-02-03T15:15:25","date_gmt":"2022-02-03T14:15:25","guid":{"rendered":"https:\/\/www.kek.hr\/product\/love-around-the-world-dvd\/"},"modified":"2022-10-24T14:26:52","modified_gmt":"2022-10-24T12:26:52","slug":"love-around-the-world-dvd","status":"publish","type":"product","link":"https:\/\/www.kek.hr\/en\/product\/love-around-the-world-dvd\/","title":{"rendered":"Love Around the World &#8211; DVD"},"content":{"rendered":"<p><strong>FORMAT:\u00a0<\/strong>DVD<br \/>\n<strong>RUNTIME:\u00a0<\/strong>75\u2032<br \/>\n<strong>SUBTITLES:\u00a0<\/strong>Croatian, English<\/p>\n<h4>FILM TEAM<\/h4>\n<p><strong>WRITERS AND DIRECTORS:<\/strong>\u00a0An\u0111ela Rostuhar, Davor Rostuhar<br \/>\n<strong>CAMERA \u2013 CINEMATOGRAPHER:<\/strong>\u00a0Davor Rostuhar<br \/>\n<strong>EDITOR:<\/strong>\u00a0Ivan \u017divalj<br \/>\n<strong>ASSISTANT EDITOR:<\/strong>\u00a0Marin Neki\u0107<br \/>\n<strong>MUSIC:<\/strong>\u00a0Nenad Kova\u010di\u0107 (Skladatelj), Teresa Campos (Vokali), Darragh Quinn (Violina), Nils Peschanski (Sintesajzeri)<br \/>\n<strong>MUSIC MIX:<\/strong>\u00a0Nenad Kova\u010di\u0107, Raphael Hardy<br \/>\n<strong>GRAPHIC ARTIST:<\/strong>\u00a0Salem Kapi\u0107 Kantard\u017ei\u0107<br \/>\n<strong>SOUND MIX:<\/strong>\u00a0Frano Homen<br \/>\n<strong>COLOUR GRADING:<\/strong>\u00a0Salem Kapi\u0107 Kantard\u017ei\u0107<br \/>\n<strong>PERSONAL ERCHIVES SHOT:<\/strong>\u00a0Domagoj Bla\u017eevi\u0107<br \/>\n<strong>TRANSLATORS AND INTERPRETERS:<\/strong>\u00a0Zrinka Radi\u0107, Abdelrahim Abuwarda, Amir Kaboli, Baktygul Chockconova, Enrico Michelotto, Anoushka Sharma, Mehak Saini, Pawan Ranta, Ramdayal Yadav, Sadama Rada, Reiko Naka, Carlos Cordero, Mezei Dragos Andrei, Barbara Kiere, Goran Mihajlovi\u0107, Baritsica Matis, Enrico Callado, Aline Scaglione Dantas, Peter Marampei Nkurrunah, John Paul Kiwanuka, Kennedy Gomma, Eric Baringo Lemungesi, Chouaib, Djimrangar Tousde, Bubba, Robert Kaunatjike, Vanja Zenzerovi\u0107, Marija \u0160imag, Petra Petra\u010d, Dunja Bahtijarevi\u0107, Dinko Kreho. Eric Bergman<br \/>\n<strong>SCRIPT CONSULTANT:<\/strong>\u00a0Jasna \u017dmak<br \/>\n<strong>CREATIVE CONSULTANT:<\/strong>\u00a0Anna Rohde-Seyfried<br \/>\n<strong>PRODUCTION ASSISTANTS:<\/strong>\u00a0Julia Goering, Carla Brummer, Valerija Povalec, Paula Bre\u010dak<br \/>\n<strong>LINE PRODUCER AUTENTIC:<\/strong>\u00a0Jan Bullerdieck<br \/>\n<strong>COMISSIONING EDITOR BR:<\/strong>\u00a0Matthias Leybrand, Carlos Gerstenhauer<br \/>\n<strong>COMISSIONING EDITOR ARTE:<\/strong>\u00a0Katja Ferwagner<br \/>\n<strong>PRODUCERS AUTENTIC:<\/strong>\u00a0Patrick H\u00f6rl, Andreas Martin<br \/>\n<strong>PRODUCERS DRUGI PLAN:<\/strong>\u00a0Neboj\u0161a Taraba, Miodrag Sila<br \/>\n<strong>PRODUCERS KEK:<\/strong>\u00a0An\u0111ela Rostuhar, Davor Rostuhar<br \/>\n<strong>PRODUCED BY:<\/strong>\u00a0Autentic Production, Drugi Plan, KEK<br \/>\n<strong>IN COLLABORATION WITH:<\/strong>\u00a0BR, ARTE<\/p>\n<p><a class=\"button button-primary\" href=\"https:\/\/lovearoundtheworldproject.com\/film\/\" target=\"_blank\" rel=\"noopener noreferrer\">MORE ABOUT THE FILM<\/a><\/p>\n","protected":false},"excerpt":{"rendered":"<h2>Love Around the World<br \/>\nauthors: An\u0111ela Rostuhar, Davor Rostuhar<\/h2>\n<p>From deep within the Amazonian forests and remote villages in the Himalayas to the world\u2019s largest metropolises, this stunning documentary shows us 33 different stories about love and marriage, challenges and struggles, highs and lows, creating one big love story that reminds us how love can never be simple, but at the same time how just a few things on Earth are as simple as love.<\/p>\n<p>The film is a collage of subjective impressions of 40 different couples from different geographical locations, economical and political contexts. It follows all the stages of their relationships \u2013 from the moment they met or had their first date, through their decision to get married or move in together and their subsequent fights and challenges, all the way to the present moment and their plans for the future.<\/p>\n","protected":false},"featured_media":15299,"template":"","meta":{"_acf_changed":false,"_links_to":"","_links_to_target":""},"product_brand":[],"product_cat":[571],"product_tag":[],"class_list":{"0":"post-15330","1":"product","2":"type-product","3":"status-publish","4":"has-post-thumbnail","6":"product_cat-davor-rostuhar-books","8":"first","9":"instock","10":"taxable","11":"shipping-taxable","12":"purchasable","13":"product-type-simple"},"bundled_by":["15331","15329"],"bundle_stock_status":"instock","bundle_stock_quantity":null,"bundle_virtual":false,"bundle_layout":"","bundle_add_to_cart_form_location":"","bundle_editable_in_cart":false,"bundle_sold_individually_context":"","bundle_item_grouping":"","bundle_min_size":"","bundle_max_size":"","bundle_price":[],"bundled_items":[],"bundle_sell_ids":[],"acf":[],"_links":{"self":[{"href":"https:\/\/www.kek.hr\/en\/wp-json\/wp\/v2\/product\/15330","targetHints":{"allow":["GET"]}}],"collection":[{"href":"https:\/\/www.kek.hr\/en\/wp-json\/wp\/v2\/product"}],"about":[{"href":"https:\/\/www.kek.hr\/en\/wp-json\/wp\/v2\/types\/product"}],"wp:featuredmedia":[{"embeddable":true,"href":"https:\/\/www.kek.hr\/en\/wp-json\/wp\/v2\/media\/15299"}],"wp:attachment":[{"href":"https:\/\/www.kek.hr\/en\/wp-json\/wp\/v2\/media?parent=15330"}],"wp:term":[{"taxonomy":"product_brand","embeddable":true,"href":"https:\/\/www.kek.hr\/en\/wp-json\/wp\/v2\/product_brand?post=15330"},{"taxonomy":"product_cat","embeddable":true,"href":"https:\/\/www.kek.hr\/en\/wp-json\/wp\/v2\/product_cat?post=15330"},{"taxonomy":"product_tag","embeddable":true,"href":"https:\/\/www.kek.hr\/en\/wp-json\/wp\/v2\/product_tag?post=15330"}],"curies":[{"name":"wp","href":"https:\/\/api.w.org\/{rel}","templated":true}]}}