{"id":6725,"date":"2018-10-11T11:40:29","date_gmt":"2018-10-11T09:40:29","guid":{"rendered":"https:\/\/www.kek.hr\/product\/croatia-from-above-croatian-edition\/"},"modified":"2021-04-16T15:50:30","modified_gmt":"2021-04-16T13:50:30","slug":"hrvatska-iz-zraka","status":"publish","type":"product","link":"https:\/\/www.kek.hr\/en\/product\/hrvatska-iz-zraka\/","title":{"rendered":"National Geographic &#8211; Hrvatska iz zraka"},"content":{"rendered":"<h4>FROM THE BOOK<\/h4>\n<p><em>\u201eSanjam da \u0107emo jednog dana poletjeti. <\/em><br \/>\n<em>Vinut \u0107emo se visoko u nebo, u\u017eivati u pogledu i letjeti sve vi\u0161e i vi\u0161e. <\/em><br \/>\n<em>Lako\u0107om paperja krstarit \u0107emo beskrajnim prostranstvima ti\u0161ine. <\/em><br \/>\n<em>Bit \u0107emo Sun\u010deva toplina. <\/em><br \/>\n<em>Bit \u0107emo ljepota Zemlje. <\/em><br \/>\n<em>Bit \u0107emo mir svemira. <\/em><br \/>\n<em>Trenutak bez kraja.\u201c<\/em><\/p>\n<p>Check out\u00a0<a href=\"\/?product_cat=books\">other books<\/a>\u00a0by\u00a0<a href=\"http:\/\/www.davorrostuhar.com\">Davor Rostuhar<\/a>.<\/p>\n<p><a class=\"button button-primary\" href=\"https:\/\/www.kek.hr\/en\/projects\/croatia-from-above\/\" target=\"_blank\" rel=\"noopener noreferrer\">LEARN MORE ABOUT THE PROJECT<\/a><\/p>\n<h4>Info<\/h4>\n<p><strong>Croatian edition<\/strong><br \/>\n400 pages<br \/>\n200 photographs, format 48\u00d732 cm<br \/>\nHard binding<br \/>\nDimensions: 32&#215;24 cm<\/p>\n","protected":false},"excerpt":{"rendered":"<div class=\"product-description\">\n<div class=\"woocommerce-product-details__short-description\">\n<h2>Croatia from Above<br \/>\nNational Geographic<br \/>\nauthor: Davor Rostuhar<\/h2>\n<p><strong>Croatian edition<\/strong><\/p>\n<p><strong>The photo-monograph &#8216;National Geographic\u2014Croatia from Above&#8217; is Croatia\u2019s first photo-monograph sponsored by <em>National Geographic<\/em>, the most prestigious global brand in photography.<\/strong><\/p>\n<p>Created during a seven-year exploration of Croatia from an aerial perspective, these photographs portray familiar natural and cultural attractions in a hitherto unseen way, and unveil new sites of value that had been lying hidden until now. The photographs have been beautifully arranged in a carefully planned layout in order to best showcase and celebrate Croatia\u2019s great wealth and diversity. Each photograph is accompanied by a text describing the geologic, historic, economic, ecological, and cultural aspects of Croatia captured in that image. Collectively, they paint a unique portrait of Croatia, depicting its position in the broader context of space and time. The book is further enriched with texts written by Davor Rostuhar, author, photographer, and\u00a0project leader,\u00a0as well as with texts written\u00a0by Hrvoje Pr\u0107i\u0107, Editor-in-Chief of National Geographic Croatia; and Dr. Ivo Josipovi\u0107, former President of the Republic of Croatia.<\/p>\n<\/div>\n<\/div>\n","protected":false},"featured_media":4732,"template":"","meta":{"_acf_changed":false,"_links_to":"","_links_to_target":""},"product_brand":[],"product_cat":[571],"product_tag":[649,650,651,652],"class_list":{"0":"post-6725","1":"product","2":"type-product","3":"status-publish","4":"has-post-thumbnail","6":"product_cat-davor-rostuhar-books","7":"product_tag-rostuhar-fotografije-en","8":"product_tag-national-geographic-hrvatska-en","9":"product_tag-fotografije-hrvatske-en","10":"product_tag-hrvatska-iz-zraka-en","11":"product_shipping_class-book","13":"first","14":"instock","15":"taxable","16":"shipping-taxable","17":"purchasable","18":"product-type-simple"},"bundled_by":[],"bundle_stock_status":"instock","bundle_stock_quantity":null,"bundle_virtual":false,"bundle_layout":"","bundle_add_to_cart_form_location":"","bundle_editable_in_cart":false,"bundle_sold_individually_context":"","bundle_item_grouping":"","bundle_min_size":"","bundle_max_size":"","bundle_price":[],"bundled_items":[],"bundle_sell_ids":[],"acf":[],"_links":{"self":[{"href":"https:\/\/www.kek.hr\/en\/wp-json\/wp\/v2\/product\/6725","targetHints":{"allow":["GET"]}}],"collection":[{"href":"https:\/\/www.kek.hr\/en\/wp-json\/wp\/v2\/product"}],"about":[{"href":"https:\/\/www.kek.hr\/en\/wp-json\/wp\/v2\/types\/product"}],"wp:featuredmedia":[{"embeddable":true,"href":"https:\/\/www.kek.hr\/en\/wp-json\/wp\/v2\/media\/4732"}],"wp:attachment":[{"href":"https:\/\/www.kek.hr\/en\/wp-json\/wp\/v2\/media?parent=6725"}],"wp:term":[{"taxonomy":"product_brand","embeddable":true,"href":"https:\/\/www.kek.hr\/en\/wp-json\/wp\/v2\/product_brand?post=6725"},{"taxonomy":"product_cat","embeddable":true,"href":"https:\/\/www.kek.hr\/en\/wp-json\/wp\/v2\/product_cat?post=6725"},{"taxonomy":"product_tag","embeddable":true,"href":"https:\/\/www.kek.hr\/en\/wp-json\/wp\/v2\/product_tag?post=6725"}],"curies":[{"name":"wp","href":"https:\/\/api.w.org\/{rel}","templated":true}]}}