{"id":6728,"date":"2018-10-11T11:40:28","date_gmt":"2018-10-11T09:40:28","guid":{"rendered":"https:\/\/www.kek.hr\/product\/na-putu-u-skrivenu-dolinu\/"},"modified":"2021-04-16T15:36:26","modified_gmt":"2021-04-16T13:36:26","slug":"na-putu-u-skrivenu-dolinu","status":"publish","type":"product","link":"https:\/\/www.kek.hr\/en\/product\/na-putu-u-skrivenu-dolinu\/","title":{"rendered":"Davor Rostuhar &#8211; Na putu u skrivenu dolinu"},"content":{"rendered":"<h4>FROM THE BOOK<\/h4>\n<p><em>Budisti\u010dka legenda o skrivenoj dolini, koju sam \u010duo jednom prije odlaska na Himalaju, prava je slika moje potrage. To je pri\u010da o stazi koja vodi preko tisu\u0107u prepreka, uspona uz strme litice, demona, \u010dudovi\u0161ta\u2026 o tome kako mora\u0161 biti odlu\u010dan i stalno i\u0107i naprijed, staviti na kocku svoj \u017eivot i biti spreman \u010dak i umrijeti za put kojemu ne poznaje\u0161 cilja. Potraga za skrivenom dolinom potraga je za ultimativnom iluzijom, a njezin rezultat toliko je apsolutan da i ulog mora biti takav\u2026 Slutio sam da moram prerezati sve veze s postojanjem kakvo poznajem i ostaviti sav svoj \u017eivot iza sebe. Koliko god mi je to zvu\u010dalo nemogu\u0107e, toliko mi se \u010dinilo i kao jedino logi\u010dno rje\u0161enje.<\/em><\/p>\n<p>Check out <a href=\"\/?product_cat=books\">other books<\/a> by <a href=\"http:\/\/www.davorrostuhar.com\">Davor Rostuhar<\/a>.<\/p>\n<h4>Info<\/h4>\n<p><strong>Croatian edition<\/strong><br \/>\n226 pages<br \/>\n108 photographs<br \/>\nSoft binding<br \/>\nDimensions: 23&#215;16 cm<\/p>\n","protected":false},"excerpt":{"rendered":"<h2>Na putu u skrivenu dolinu<br \/>\nauthor: Davor Rostuhar<\/h2>\n<p><strong>Croatian edition only<\/strong><\/p>\n<p>Between fiction and travelogue, between Zagreb and faraway vastness of India, Nepal, and Tiber, Davor Rostuhar&#8217;s book &#8220;Na putu u skivenu dolinu&#8221; is a search unlike many others. Rostuhar depicts an exciting journey around Afghanistan, Pakistan, India, Nepal, the hidden kingdom of Mustang, China, and Tibet. All in search of a Buddhist legend in the hidden valley, which soon takes the author on an interesting and just as dangerous intimate search for answers to questions that we all face.<\/p>\n<p>This unusual book, by the author who has since become one of the most respected Croatian professional travelers, is accompanied by fascinating photographs, some of which have been published in magazines\u00a0<em>National Geographic<\/em> and\u00a0<em>Meridijani<\/em>.<\/p>\n","protected":false},"featured_media":4730,"template":"","meta":{"_acf_changed":false,"_links_to":"","_links_to_target":""},"product_brand":[],"product_cat":[571],"product_tag":[809],"class_list":{"0":"post-6728","1":"product","2":"type-product","3":"status-publish","4":"has-post-thumbnail","6":"product_cat-davor-rostuhar-books","7":"product_tag-putopis-en","9":"first","10":"instock","11":"taxable","12":"shipping-taxable","13":"purchasable","14":"product-type-simple"},"bundled_by":[],"bundle_stock_status":"instock","bundle_stock_quantity":null,"bundle_virtual":false,"bundle_layout":"","bundle_add_to_cart_form_location":"","bundle_editable_in_cart":false,"bundle_sold_individually_context":"","bundle_item_grouping":"","bundle_min_size":"","bundle_max_size":"","bundle_price":[],"bundled_items":[],"bundle_sell_ids":[],"acf":[],"_links":{"self":[{"href":"https:\/\/www.kek.hr\/en\/wp-json\/wp\/v2\/product\/6728","targetHints":{"allow":["GET"]}}],"collection":[{"href":"https:\/\/www.kek.hr\/en\/wp-json\/wp\/v2\/product"}],"about":[{"href":"https:\/\/www.kek.hr\/en\/wp-json\/wp\/v2\/types\/product"}],"wp:featuredmedia":[{"embeddable":true,"href":"https:\/\/www.kek.hr\/en\/wp-json\/wp\/v2\/media\/4730"}],"wp:attachment":[{"href":"https:\/\/www.kek.hr\/en\/wp-json\/wp\/v2\/media?parent=6728"}],"wp:term":[{"taxonomy":"product_brand","embeddable":true,"href":"https:\/\/www.kek.hr\/en\/wp-json\/wp\/v2\/product_brand?post=6728"},{"taxonomy":"product_cat","embeddable":true,"href":"https:\/\/www.kek.hr\/en\/wp-json\/wp\/v2\/product_cat?post=6728"},{"taxonomy":"product_tag","embeddable":true,"href":"https:\/\/www.kek.hr\/en\/wp-json\/wp\/v2\/product_tag?post=6728"}],"curies":[{"name":"wp","href":"https:\/\/api.w.org\/{rel}","templated":true}]}}